{"id":23,"date":"2025-03-03T11:14:55","date_gmt":"2025-03-03T10:14:55","guid":{"rendered":"https:\/\/alto-consulting-global.com\/?page_id=23"},"modified":"2025-03-14T17:40:26","modified_gmt":"2025-03-14T16:40:26","slug":"des-services-adaptes-a-vos-enjeux","status":"publish","type":"page","link":"https:\/\/alto-consulting-global.com\/index.php\/des-services-adaptes-a-vos-enjeux\/","title":{"rendered":"Des services adapt\u00e9s \u00e0 vos enjeux"},"content":{"rendered":"\n<figure class=\"wp-block-image size-large\"><img fetchpriority=\"high\" decoding=\"async\" width=\"1024\" height=\"720\" src=\"http:\/\/alto-consulting-global.com\/wp-content\/uploads\/2025\/03\/arbre-recadre-1024x720.jpg\" alt=\"\" class=\"wp-image-213\" srcset=\"https:\/\/alto-consulting-global.com\/wp-content\/uploads\/2025\/03\/arbre-recadre-1024x720.jpg 1024w, https:\/\/alto-consulting-global.com\/wp-content\/uploads\/2025\/03\/arbre-recadre-300x211.jpg 300w, https:\/\/alto-consulting-global.com\/wp-content\/uploads\/2025\/03\/arbre-recadre-768x540.jpg 768w, https:\/\/alto-consulting-global.com\/wp-content\/uploads\/2025\/03\/arbre-recadre-1536x1080.jpg 1536w, https:\/\/alto-consulting-global.com\/wp-content\/uploads\/2025\/03\/arbre-recadre-2048x1440.jpg 2048w\" sizes=\"(max-width: 1024px) 100vw, 1024px\" \/><\/figure>\n\n\n\n<h2 class=\"wp-block-heading has-ast-global-color-3-color has-text-color has-link-color wp-elements-2a35951031c314d02f430742616f5e78\">L\u2019Audit approfondi de votre structure<\/h2>\n\n\n\n<p class=\"has-ast-global-color-3-color has-text-color has-link-color wp-elements-a0ee31340bc9d70bac6371525c9a9f5b\">Avant de d\u00e9finir une strat\u00e9gie, je vous \u00e9coute et j\u2019analyse en profondeur votre entreprise pour comprendre vos enjeux, vos objectifs et vos besoins sp\u00e9cifiques.<\/p>\n\n\n\n<ul class=\"wp-block-list\">\n<li class=\"has-ast-global-color-3-color has-text-color has-link-color wp-elements-e4ece752d9c823ba2083267fe36ce5ed\">R\u00e9v\u00e9ler vos atouts et vos axes de progression.<\/li>\n\n\n\n<li class=\"has-ast-global-color-3-color has-text-color has-link-color wp-elements-ba8eae1e0b70913435942264d140b5e7\">D\u00e9tecter des besoins parfois non identifi\u00e9s.<\/li>\n\n\n\n<li class=\"has-ast-global-color-3-color has-text-color has-link-color wp-elements-11c5233eb6ae0b53c3f5c5878409d2ca\">Concevoir des solutions parfaitement adapt\u00e9es \u00e0 votre r\u00e9alit\u00e9.<\/li>\n<\/ul>\n\n\n\n<p class=\"has-ast-global-color-2-color has-text-color has-link-color wp-elements-7448f9046964d24b952871bff6e8850e\">Chaque mission d\u00e9bute par cette \u00e9tape essentielle, garantissant une approche sur mesure et orient\u00e9e r\u00e9sultats.<\/p>\n\n\n\n<p>Demandez votre audit personnalis\u00e9 &gt; <a href=\"https:\/\/alto-consulting-global.com\/index.php\/parlons-de-vos-objectifs\/\" data-type=\"page\" data-id=\"100\">Contactez-nous <\/a><\/p>\n\n\n\n<hr class=\"wp-block-separator has-text-color has-ast-global-color-0-color has-alpha-channel-opacity has-ast-global-color-0-background-color has-background\"\/>\n\n\n\n<h2 class=\"wp-block-heading has-ast-global-color-3-color has-text-color has-link-color wp-elements-dc1f41ba7adefdaca847a55efe24634b\">Votre strat\u00e9gie Marketing<\/h2>\n\n\n\n<p>Pour atteindre vos objectifs commerciaux, une strat\u00e9gie marketing claire et bien d\u00e9finie est indispensable.<br>Je travaille avec vous et vos \u00e9quipes pour :<\/p>\n\n\n\n<ul class=\"wp-block-list\">\n<li>\u00c9laborer une strat\u00e9gie cibl\u00e9e, align\u00e9e sur vos objectifs de d\u00e9veloppement commercial : lancement de produit, repositionnement de gamme, d\u00e9veloppement et fid\u00e9lisation du portefeuille clients, d\u00e9veloppement \u00e0 l&rsquo;international&#8230;<\/li>\n\n\n\n<li>Mettre en place le suivi des performances via des tableaux de bord d\u00e9taill\u00e9s.<\/li>\n\n\n\n<li>G\u00e9rer efficacement votre budget marketing pour maximiser le ROI.<\/li>\n\n\n\n<li>Optimiser les actions en continu en se basant sur l&rsquo;analyse pr\u00e9cise des donn\u00e9es.<\/li>\n<\/ul>\n\n\n\n<p>Chaque d\u00e9cision repose sur une approche pragmatique et orient\u00e9e performance, pour des r\u00e9sultats mesurables et concrets.<\/p>\n\n\n\n<p>Boostons votre strat\u00e9gie marketing &gt; <a href=\"https:\/\/alto-consulting-global.com\/index.php\/parlons-de-vos-objectifs\/\" data-type=\"page\" data-id=\"100\">Contactez-nous<\/a><\/p>\n\n\n\n<hr class=\"wp-block-separator has-text-color has-ast-global-color-0-color has-alpha-channel-opacity has-ast-global-color-0-background-color has-background\"\/>\n\n\n\n<h2 class=\"wp-block-heading\">Votre strat\u00e9gie de Communication externe<\/h2>\n\n\n\n<p>Pour renforcer votre image et accro\u00eetre votre visibilit\u00e9, je con\u00e7ois des strat\u00e9gies de communication impactantes.<\/p>\n\n\n\n<ul class=\"wp-block-list\">\n<li>Cr\u00e9ation et d\u00e9ploiement de votre identit\u00e9 visuelle (logo, charte graphique, identit\u00e9 digitale web et r\u00e9seaux sociaux, rebranding).<\/li>\n\n\n\n<li>Strat\u00e9gie de transformation digitale pour d\u00e9velopper les interactions et votre impact (marketing de contenu).<\/li>\n\n\n\n<li>Plans de communication adapt\u00e9s \u00e0 chaque canal.<\/li>\n\n\n\n<li>Organisation et valorisation d\u2019\u00e9v\u00e9nements (salons, conf\u00e9rences, lancements\u2026) pour renforcer votre pr\u00e9sence et votre notori\u00e9t\u00e9. Animation des \u00e9v\u00e9nements selon vos besoins.<\/li>\n\n\n\n<li>Relations presse et \u00e9laboration d\u2019un plan m\u00e9dia pour maximiser votre visibilit\u00e9.<\/li>\n<\/ul>\n\n\n\n<p>Gr\u00e2ce \u00e0 des outils de mesure des performances, vous ma\u00eetrisez l&rsquo;impact de vos actions.<\/p>\n\n\n\n<p>Organisons votre visibilit\u00e9  &gt; <a href=\"https:\/\/alto-consulting-global.com\/index.php\/parlons-de-vos-objectifs\/\" data-type=\"page\" data-id=\"100\">Contactez-nous<\/a><\/p>\n\n\n\n<hr class=\"wp-block-separator has-text-color has-ast-global-color-0-color has-alpha-channel-opacity has-ast-global-color-0-background-color has-background\"\/>\n\n\n\n<h2 class=\"wp-block-heading\">Le pilotage de vos projets<\/h2>\n\n\n\n<ul class=\"wp-block-list\">\n<li>Coordination des diff\u00e9rents intervenants internes et externes.<\/li>\n\n\n\n<li>Planification et mise en \u0153uvre op\u00e9rationnelle.<\/li>\n\n\n\n<li>Suivi des KPI et du ROI via un tableau de bord pour un pilotage pr\u00e9cis des r\u00e9sultats.<\/li>\n\n\n\n<li>Gestion budg\u00e9taire en accord avec vos priorit\u00e9s financi\u00e8res.<\/li>\n<\/ul>\n\n\n\n<p>Que ce soit en gestion totale ou en accompagnement de vos \u00e9quipes, j\u2019assure la r\u00e9ussite de vos projets dans les d\u00e9lais impartis.<\/p>\n\n\n\n<p>Confiez-nous le pilotage de vos projets &gt; <a href=\"https:\/\/alto-consulting-global.com\/index.php\/parlons-de-vos-objectifs\/\" data-type=\"page\" data-id=\"100\">Contactez-nous<\/a><\/p>\n\n\n\n<hr class=\"wp-block-separator has-text-color has-ast-global-color-0-color has-alpha-channel-opacity has-ast-global-color-0-background-color has-background\"\/>\n\n\n\n<h2 class=\"wp-block-heading\">L\u2019Accompagnement Commercial<\/h2>\n\n\n\n<ul class=\"wp-block-list\">\n<li>D\u00e9finition d&rsquo;un plan d&rsquo;action commercial align\u00e9 sur vos objectifs de croissance.<\/li>\n\n\n\n<li>Prise en compte des sp\u00e9cificit\u00e9s de votre march\u00e9.<\/li>\n\n\n\n<li>Optimisation des processus commerciaux pour renforcer l&rsquo;efficacit\u00e9 des \u00e9quipes.<\/li>\n\n\n\n<li>Elaboration et mise en place d&rsquo;outils d&rsquo;aide \u00e0 la vente.<\/li>\n\n\n\n<li>Accompagnement des \u00e9quipes et formations si n\u00e9cessaire.<\/li>\n<\/ul>\n\n\n\n<p>Optimisez votre performance commerciale &gt; <a href=\"https:\/\/alto-consulting-global.com\/index.php\/parlons-de-vos-objectifs\/\" data-type=\"page\" data-id=\"100\">Contactez-nous<\/a><\/p>\n\n\n\n<hr class=\"wp-block-separator has-text-color has-ast-global-color-0-color has-alpha-channel-opacity has-ast-global-color-0-background-color has-background\"\/>\n\n\n\n<h2 class=\"wp-block-heading\">Votre Communication Interne<\/h2>\n\n\n\n<ul class=\"wp-block-list\">\n<li>Marque employeur et recrutement &gt; attirez les talents et renforcez votre culture d\u2019entreprise.<\/li>\n\n\n\n<li>Pack d&rsquo;onboarding &gt; pour une int\u00e9gration r\u00e9ussie de vos nouveaux collaborateurs.<\/li>\n\n\n\n<li>Communication interne :\n<ul class=\"wp-block-list\">\n<li>Newsletters internes et flashs infos r\u00e9guliers.<\/li>\n\n\n\n<li>\u00c9v\u00e9nements internes (s\u00e9minaires, r\u00e9unions, ateliers).<\/li>\n<\/ul>\n<\/li>\n<\/ul>\n\n\n\n<p>Renfor\u00e7ons votre communication interne &gt; <a href=\"https:\/\/alto-consulting-global.com\/index.php\/parlons-de-vos-objectifs\/\" data-type=\"page\" data-id=\"100\">Contactez-nous<\/a><\/p>\n\n\n\n<hr class=\"wp-block-separator has-text-color has-ast-global-color-0-color has-alpha-channel-opacity has-ast-global-color-0-background-color has-background\"\/>\n\n\n\n<h2 class=\"wp-block-heading\">La Communication de crise<\/h2>\n\n\n\n<p>En entreprise comme en collectivit\u00e9 locale, une crise mal ma\u00eetris\u00e9e peut fragiliser la confiance et l\u2019image. Qu\u2019il s\u2019agisse d\u2019un incident interne, d\u2019un bad buzz ou d\u2019une situation impactant les administr\u00e9s, une communication claire et structur\u00e9e est essentielle.<\/p>\n\n\n\n<p>Structurer et piloter votre communication de crise, avec une approche strat\u00e9gique et op\u00e9rationnelle :<\/p>\n\n\n\n<ul class=\"wp-block-list\">\n<li>Pr\u00e9vention et anticipation : \u00e9laboration d\u2019un plan de gestion de crise, d\u00e9finition des sc\u00e9narios \u00e0 risque, des protocoles de communication et des \u00e9l\u00e9ments de langage adapt\u00e9s.<\/li>\n\n\n\n<li>Gestion en temps r\u00e9el : accompagnement de la cellule de crise, d\u00e9finition des messages cl\u00e9s, gestion des relations presse et des r\u00e9seaux sociaux avec des \u00e9l\u00e9ments de langage coh\u00e9rents et ma\u00eetris\u00e9s.<\/li>\n\n\n\n<li>Pilotage des parties prenantes : coordination avec les \u00e9quipes internes, les \u00e9lus, les partenaires externes et les m\u00e9dias pour assurer une communication fluide et coh\u00e9rente.<\/li>\n\n\n\n<li>Sortie de crise et reconstruction : mise en place d\u2019un plan post-crise pour restaurer la confiance, renforcer l\u2019image et tirer des enseignements pour l\u2019avenir.<\/li>\n<\/ul>\n\n\n\n<p>Gr\u00e2ce \u00e0 mon exp\u00e9rience dans la gestion de crises m\u00e9diatiques \u00e0 fort impact, j\u2019accompagne les entreprises et collectivit\u00e9s locales pour transformer une situation critique en opportunit\u00e9 de renforcer leur cr\u00e9dibilit\u00e9 et leur leadership.<\/p>\n\n\n\n<p>Pr\u00e9parons votre gestion de crise &gt; <a href=\"https:\/\/alto-consulting-global.com\/index.php\/parlons-de-vos-objectifs\/\" data-type=\"page\" data-id=\"100\">Contactez-nous !<\/a><\/p>\n\n\n\n<p><\/p>\n","protected":false},"excerpt":{"rendered":"<p>L\u2019Audit approfondi de votre structure Avant de d\u00e9finir une strat\u00e9gie, je vous \u00e9coute et j\u2019analyse en profondeur votre entreprise pour [&hellip;]<\/p>\n","protected":false},"author":1,"featured_media":0,"parent":0,"menu_order":0,"comment_status":"closed","ping_status":"closed","template":"","meta":{"site-sidebar-layout":"default","site-content-layout":"","ast-site-content-layout":"","site-content-style":"default","site-sidebar-style":"default","ast-global-header-display":"","ast-banner-title-visibility":"","ast-main-header-display":"","ast-hfb-above-header-display":"","ast-hfb-below-header-display":"","ast-hfb-mobile-header-display":"","site-post-title":"","ast-breadcrumbs-content":"","ast-featured-img":"","footer-sml-layout":"","theme-transparent-header-meta":"","adv-header-id-meta":"","stick-header-meta":"","header-above-stick-meta":"","header-main-stick-meta":"","header-below-stick-meta":"","astra-migrate-meta-layouts":"default","ast-page-background-enabled":"default","ast-page-background-meta":{"desktop":{"background-color":"var(--ast-global-color-5)","background-image":"","background-repeat":"repeat","background-position":"center center","background-size":"auto","background-attachment":"scroll","background-type":"","background-media":"","overlay-type":"","overlay-color":"","overlay-opacity":"","overlay-gradient":""},"tablet":{"background-color":"","background-image":"","background-repeat":"repeat","background-position":"center center","background-size":"auto","background-attachment":"scroll","background-type":"","background-media":"","overlay-type":"","overlay-color":"","overlay-opacity":"","overlay-gradient":""},"mobile":{"background-color":"","background-image":"","background-repeat":"repeat","background-position":"center center","background-size":"auto","background-attachment":"scroll","background-type":"","background-media":"","overlay-type":"","overlay-color":"","overlay-opacity":"","overlay-gradient":""}},"ast-content-background-meta":{"desktop":{"background-color":"var(--ast-global-color-4)","background-image":"","background-repeat":"repeat","background-position":"center center","background-size":"auto","background-attachment":"scroll","background-type":"","background-media":"","overlay-type":"","overlay-color":"","overlay-opacity":"","overlay-gradient":""},"tablet":{"background-color":"var(--ast-global-color-4)","background-image":"","background-repeat":"repeat","background-position":"center center","background-size":"auto","background-attachment":"scroll","background-type":"","background-media":"","overlay-type":"","overlay-color":"","overlay-opacity":"","overlay-gradient":""},"mobile":{"background-color":"var(--ast-global-color-4)","background-image":"","background-repeat":"repeat","background-position":"center center","background-size":"auto","background-attachment":"scroll","background-type":"","background-media":"","overlay-type":"","overlay-color":"","overlay-opacity":"","overlay-gradient":""}},"footnotes":""},"class_list":["post-23","page","type-page","status-publish","hentry"],"_links":{"self":[{"href":"https:\/\/alto-consulting-global.com\/index.php\/wp-json\/wp\/v2\/pages\/23","targetHints":{"allow":["GET"]}}],"collection":[{"href":"https:\/\/alto-consulting-global.com\/index.php\/wp-json\/wp\/v2\/pages"}],"about":[{"href":"https:\/\/alto-consulting-global.com\/index.php\/wp-json\/wp\/v2\/types\/page"}],"author":[{"embeddable":true,"href":"https:\/\/alto-consulting-global.com\/index.php\/wp-json\/wp\/v2\/users\/1"}],"replies":[{"embeddable":true,"href":"https:\/\/alto-consulting-global.com\/index.php\/wp-json\/wp\/v2\/comments?post=23"}],"version-history":[{"count":25,"href":"https:\/\/alto-consulting-global.com\/index.php\/wp-json\/wp\/v2\/pages\/23\/revisions"}],"predecessor-version":[{"id":349,"href":"https:\/\/alto-consulting-global.com\/index.php\/wp-json\/wp\/v2\/pages\/23\/revisions\/349"}],"wp:attachment":[{"href":"https:\/\/alto-consulting-global.com\/index.php\/wp-json\/wp\/v2\/media?parent=23"}],"curies":[{"name":"wp","href":"https:\/\/api.w.org\/{rel}","templated":true}]}}