{"id":351,"date":"2025-08-12T16:52:40","date_gmt":"2025-08-12T14:52:40","guid":{"rendered":"https:\/\/alto-consulting-global.com\/?page_id=351"},"modified":"2025-08-27T18:11:19","modified_gmt":"2025-08-27T16:11:19","slug":"formation","status":"publish","type":"page","link":"https:\/\/alto-consulting-global.com\/index.php\/formation\/","title":{"rendered":"Formation"},"content":{"rendered":"\n<div class=\"wp-block-media-text is-stacked-on-mobile\" style=\"grid-template-columns:42% auto\"><figure class=\"wp-block-media-text__media\"><img fetchpriority=\"high\" decoding=\"async\" width=\"1024\" height=\"683\" src=\"http:\/\/alto-consulting-global.com\/wp-content\/uploads\/2025\/03\/pexels-fauxels-3182812-1024x683.jpg\" alt=\"\" class=\"wp-image-229 size-full\" srcset=\"https:\/\/alto-consulting-global.com\/wp-content\/uploads\/2025\/03\/pexels-fauxels-3182812-1024x683.jpg 1024w, https:\/\/alto-consulting-global.com\/wp-content\/uploads\/2025\/03\/pexels-fauxels-3182812-300x200.jpg 300w, https:\/\/alto-consulting-global.com\/wp-content\/uploads\/2025\/03\/pexels-fauxels-3182812-768x512.jpg 768w, https:\/\/alto-consulting-global.com\/wp-content\/uploads\/2025\/03\/pexels-fauxels-3182812-1536x1024.jpg 1536w, https:\/\/alto-consulting-global.com\/wp-content\/uploads\/2025\/03\/pexels-fauxels-3182812-2048x1365.jpg 2048w\" sizes=\"(max-width: 1024px) 100vw, 1024px\" \/><\/figure><div class=\"wp-block-media-text__content\">\n<p><\/p>\n\n\n\n<p><strong>Formations professionnelles sur mesure  en  Marketing, Communication &amp; D\u00e9veloppement commercial<\/strong><\/p>\n\n\n\n<p><strong>25 ans d\u2019expertise terrain pour former vos \u00e9quipes, acc\u00e9l\u00e9rer vos projets et maximiser vos r\u00e9sultats.<\/strong><\/p>\n\n\n\n<p><strong>Public <\/strong>: \u00e9tudiants\/\u00e9coles, porteurs de projets, \u00e9quipes, managers, dirigeants.<\/p>\n\n\n\n<p><\/p>\n<\/div><\/div>\n\n\n\n<blockquote class=\"wp-block-quote is-layout-flow wp-block-quote-is-layout-flow\">\n<p>Chez Alto Consulting, nous concevons et animons des formations professionnelles adapt\u00e9es \u00e0 vos besoins r\u00e9els et \u00e0 votre contexte.<\/p>\n\n\n\n<p>Avec 25 ans d\u2019exp\u00e9rience en marketing, communication, d\u00e9veloppement commercial et transformation digitale, je vous apporte des contenus concrets, des outils op\u00e9rationnels et une vision strat\u00e9gique directement utilisables sur le terrain.<\/p>\n\n\n\n<p><strong>Mon engagement : transmettre plus qu\u2019un savoir, partager des m\u00e9thodes qui donnent des r\u00e9sultats mesurables.<\/strong><\/p>\n<\/blockquote>\n\n\n\n<hr class=\"wp-block-separator has-text-color has-ast-global-color-0-color has-alpha-channel-opacity has-ast-global-color-0-background-color has-background\"\/>\n\n\n\n<h2 class=\"wp-block-heading\"><strong>Mes domaines de formation&nbsp;<\/strong><\/h2>\n\n\n\n<h3 class=\"wp-block-heading\">Des formations cl\u00e9-en-main ou sur mesure dans les domaines suivants :<\/h3>\n\n\n\n<p><\/p>\n\n\n\n<ul class=\"wp-block-list\">\n<li><strong>Marketing &amp; Strat\u00e9gie<br><\/strong>Positionnement et diff\u00e9renciation, strat\u00e9gie marketing, offres et produits, marketing de contenu, tableau de bord et KPI.<\/li>\n\n\n\n<li><strong>Communication &amp; Transformation digitale<\/strong><br>Communication institutionnelle, storytelling, gestion de crise, communication digitale et r\u00e9seaux sociaux.<\/li>\n\n\n\n<li><strong>D\u00e9veloppement commercial<\/strong><br>Techniques de prospection\/conqu\u00eate\/fid\u00e9lisation, accompagnement commercial, plan d\u2019action efficace.<\/li>\n\n\n\n<li><strong>Formation \u00e0 l\u2019IA<\/strong><br>De l\u2019initiation \u00e0 l\u2019expertise m\u00e9tier : applications en marketing, communication, commercial, management. <\/li>\n\n\n\n<li><strong>Management transversal &amp; conduite du changement<\/strong><br>Gestion de projet transverse, collaboration inter-\u00e9quipes, accompagnement des transformations.<\/li>\n<\/ul>\n\n\n\n<hr class=\"wp-block-separator has-text-color has-ast-global-color-0-color has-alpha-channel-opacity has-ast-global-color-0-background-color has-background\"\/>\n\n\n\n<h2 class=\"wp-block-heading\"><strong>Des formats vari\u00e9s<\/strong><\/h2>\n\n\n\n<ul class=\"wp-block-list\">\n<li>Ateliers, conf\u00e9rences interactives, sessions courtes ou cycles approfondis, en pr\u00e9sentiel, distanciel ou hybride.<\/li>\n<\/ul>\n\n\n\n<hr class=\"wp-block-separator has-text-color has-ast-global-color-0-color has-alpha-channel-opacity has-ast-global-color-0-background-color has-background\"\/>\n\n\n\n<h2 class=\"wp-block-heading\">Une p\u00e9dagogie pragmatique et orient\u00e9e r\u00e9sultats<\/h2>\n\n\n\n<ul class=\"wp-block-list\">\n<li><strong>Formations modulaires et sur mesure<\/strong>, con\u00e7ues pour r\u00e9pondre aux besoins sp\u00e9cifiques et s\u2019int\u00e9grer aux programmes existants.<\/li>\n\n\n\n<li><strong>Contenu adapt\u00e9 \u00e0 votre secteur<\/strong> : chaque exemple et chaque cas pratique sont tir\u00e9s de votre r\u00e9alit\u00e9.<\/li>\n\n\n\n<li><strong>M\u00e9thodes actives<\/strong> : mises en situation, exercices, outils concrets.<\/li>\n\n\n\n<li><strong>Supports personnalis\u00e9s<\/strong>, pens\u00e9s pour chaque participant et en coh\u00e9rence aves le r\u00e9f\u00e9rentiel p\u00e9dagogique.<\/li>\n\n\n\n<li><strong>Suivi et accompagnement<\/strong>, avec \u00e9valuations et feedback pour garantir l\u2019application concr\u00e8te.<\/li>\n\n\n\n<li><strong>Flexibilit\u00e9 totale <\/strong>pour adapter les contenus et rythmes.<\/li>\n<\/ul>\n\n\n\n<p>Je ne me contente pas de transmettre des connaissances : je vous donne les moyens d\u2019agir et de progresser imm\u00e9diatement.<\/p>\n\n\n\n<hr class=\"wp-block-separator has-text-color has-ast-global-color-0-color has-alpha-channel-opacity has-ast-global-color-0-background-color has-background\"\/>\n\n\n\n<h2 class=\"wp-block-heading\"><strong>Pourquoi choisir Alto Consulting ?<\/strong><\/h2>\n\n\n\n<ul class=\"wp-block-list\">\n<li>Exp\u00e9rience de terrain : 25 ans en marketing, communication et commercial, en France et \u00e0 l\u2019international.<\/li>\n\n\n\n<li>Double casquette : consultante &amp; formatrice, capable de relier la th\u00e9orie aux r\u00e9alit\u00e9s op\u00e9rationnelles.<\/li>\n\n\n\n<li>Offre modulable : adaptation compl\u00e8te des contenus et des formats.<\/li>\n\n\n\n<li>R\u00e9activit\u00e9 : capacit\u00e9 \u00e0 intervenir rapidement, y compris pour remplacer un formateur indisponible.<\/li>\n\n\n\n<li>Valeur ajout\u00e9e unique : int\u00e9gration d\u2019outils de suivi de performance et de pilotage, pour mesurer l\u2019impact des formations.<\/li>\n<\/ul>\n\n\n\n<hr class=\"wp-block-separator has-text-color has-ast-global-color-0-color has-alpha-channel-opacity has-ast-global-color-0-background-color has-background\"\/>\n\n\n\n<h2 class=\"wp-block-heading\"><strong>Exemples de formations r\u00e9centes&nbsp;:<\/strong><\/h2>\n\n\n\n<ul class=\"wp-block-list\">\n<li>Optimiser sa strat\u00e9gie marketing pour un meilleur ROI.<\/li>\n\n\n\n<li>D\u00e9velopper une prospection commerciale efficace.<\/li>\n\n\n\n<li>Construire et piloter un tableau de bord KPI.<\/li>\n\n\n\n<li>G\u00e9rer sa communication de crise.<\/li>\n\n\n\n<li>Utiliser l\u2019IA g\u00e9n\u00e9rative pour booster la productivit\u00e9 d\u2019\u00e9quipe.<\/li>\n<\/ul>\n\n\n\n<div data-wp-interactive=\"core\/file\" class=\"wp-block-file\"><object data-wp-bind--hidden=\"!state.hasPdfPreview\" hidden class=\"wp-block-file__embed\" data=\"https:\/\/alto-consulting-global.com\/wp-content\/uploads\/2025\/08\/Plaquette-Formations-ALTO-CONSULTING-2.pdf\" type=\"application\/pdf\" style=\"width:100%;height:600px\" aria-label=\"Contenu embarqu\u00e9 Plaquette-Formations-ALTO-CONSULTING.\"><\/object><a id=\"wp-block-file--media-3b1f9622-ef17-42a3-bd1f-786968e7a2b0\" href=\"https:\/\/alto-consulting-global.com\/wp-content\/uploads\/2025\/08\/Plaquette-Formations-ALTO-CONSULTING-2.pdf\">Plaquette-Formations-ALTO-CONSULTING<\/a><a href=\"https:\/\/alto-consulting-global.com\/wp-content\/uploads\/2025\/08\/Plaquette-Formations-ALTO-CONSULTING-2.pdf\" class=\"wp-block-file__button wp-element-button\" download aria-describedby=\"wp-block-file--media-3b1f9622-ef17-42a3-bd1f-786968e7a2b0\">T\u00e9l\u00e9chargez notre plaquette formations<\/a><\/div>\n\n\n\n<p><strong>Parlons de votre projet de formation<\/strong><\/p>\n\n\n\n<div class=\"wp-block-buttons is-layout-flex wp-block-buttons-is-layout-flex\">\n<div class=\"wp-block-button\"><a class=\"wp-block-button__link wp-element-button\" href=\"https:\/\/alto-consulting-global.com\/index.php\/parlons-de-vos-objectifs\/\">Contactez-moi<\/a><\/div>\n<\/div>\n\n\n\n<p><\/p>\n","protected":false},"excerpt":{"rendered":"<p>Formations professionnelles sur mesure en Marketing, Communication &amp; D\u00e9veloppement commercial 25 ans d\u2019expertise terrain pour former vos \u00e9quipes, acc\u00e9l\u00e9rer vos [&hellip;]<\/p>\n","protected":false},"author":1,"featured_media":0,"parent":0,"menu_order":0,"comment_status":"closed","ping_status":"closed","template":"","meta":{"site-sidebar-layout":"default","site-content-layout":"","ast-site-content-layout":"","site-content-style":"default","site-sidebar-style":"default","ast-global-header-display":"","ast-banner-title-visibility":"","ast-main-header-display":"","ast-hfb-above-header-display":"","ast-hfb-below-header-display":"","ast-hfb-mobile-header-display":"","site-post-title":"","ast-breadcrumbs-content":"","ast-featured-img":"","footer-sml-layout":"","theme-transparent-header-meta":"","adv-header-id-meta":"","stick-header-meta":"","header-above-stick-meta":"","header-main-stick-meta":"","header-below-stick-meta":"","astra-migrate-meta-layouts":"default","ast-page-background-enabled":"default","ast-page-background-meta":{"desktop":{"background-color":"var(--ast-global-color-5)","background-image":"","background-repeat":"repeat","background-position":"center center","background-size":"auto","background-attachment":"scroll","background-type":"","background-media":"","overlay-type":"","overlay-color":"","overlay-opacity":"","overlay-gradient":""},"tablet":{"background-color":"","background-image":"","background-repeat":"repeat","background-position":"center center","background-size":"auto","background-attachment":"scroll","background-type":"","background-media":"","overlay-type":"","overlay-color":"","overlay-opacity":"","overlay-gradient":""},"mobile":{"background-color":"","background-image":"","background-repeat":"repeat","background-position":"center center","background-size":"auto","background-attachment":"scroll","background-type":"","background-media":"","overlay-type":"","overlay-color":"","overlay-opacity":"","overlay-gradient":""}},"ast-content-background-meta":{"desktop":{"background-color":"var(--ast-global-color-4)","background-image":"","background-repeat":"repeat","background-position":"center center","background-size":"auto","background-attachment":"scroll","background-type":"","background-media":"","overlay-type":"","overlay-color":"","overlay-opacity":"","overlay-gradient":""},"tablet":{"background-color":"var(--ast-global-color-4)","background-image":"","background-repeat":"repeat","background-position":"center center","background-size":"auto","background-attachment":"scroll","background-type":"","background-media":"","overlay-type":"","overlay-color":"","overlay-opacity":"","overlay-gradient":""},"mobile":{"background-color":"var(--ast-global-color-4)","background-image":"","background-repeat":"repeat","background-position":"center center","background-size":"auto","background-attachment":"scroll","background-type":"","background-media":"","overlay-type":"","overlay-color":"","overlay-opacity":"","overlay-gradient":""}},"footnotes":""},"class_list":["post-351","page","type-page","status-publish","hentry"],"_links":{"self":[{"href":"https:\/\/alto-consulting-global.com\/index.php\/wp-json\/wp\/v2\/pages\/351","targetHints":{"allow":["GET"]}}],"collection":[{"href":"https:\/\/alto-consulting-global.com\/index.php\/wp-json\/wp\/v2\/pages"}],"about":[{"href":"https:\/\/alto-consulting-global.com\/index.php\/wp-json\/wp\/v2\/types\/page"}],"author":[{"embeddable":true,"href":"https:\/\/alto-consulting-global.com\/index.php\/wp-json\/wp\/v2\/users\/1"}],"replies":[{"embeddable":true,"href":"https:\/\/alto-consulting-global.com\/index.php\/wp-json\/wp\/v2\/comments?post=351"}],"version-history":[{"count":12,"href":"https:\/\/alto-consulting-global.com\/index.php\/wp-json\/wp\/v2\/pages\/351\/revisions"}],"predecessor-version":[{"id":378,"href":"https:\/\/alto-consulting-global.com\/index.php\/wp-json\/wp\/v2\/pages\/351\/revisions\/378"}],"wp:attachment":[{"href":"https:\/\/alto-consulting-global.com\/index.php\/wp-json\/wp\/v2\/media?parent=351"}],"curies":[{"name":"wp","href":"https:\/\/api.w.org\/{rel}","templated":true}]}}