{"id":37,"date":"2025-02-24T16:46:01","date_gmt":"2025-02-24T15:46:01","guid":{"rendered":"https:\/\/alto-consulting-global.com\/?page_id=37"},"modified":"2025-03-11T10:02:36","modified_gmt":"2025-03-11T09:02:36","slug":"accueil","status":"publish","type":"page","link":"https:\/\/alto-consulting-global.com\/","title":{"rendered":"Accueil"},"content":{"rendered":"\n<div class=\"wp-block-cover alignwide is-light\" style=\"min-height:100vh;aspect-ratio:unset;\"><span aria-hidden=\"true\" class=\"wp-block-cover__background has-background-dim-0 has-background-dim has-background-gradient\" style=\"background-color:#FFF;background:linear-gradient(35deg,rgb(6,0,151) 0%,rgb(130,4,255) 73%,rgb(193,15,255) 100%)\"><\/span><video class=\"wp-block-cover__video-background intrinsic-ignore\" autoplay muted loop playsinline src=\"http:\/\/alto-consulting-global.com\/wp-content\/uploads\/2025\/02\/video-aigle-2.mp4\" data-object-fit=\"cover\"><\/video><div class=\"wp-block-cover__inner-container is-layout-constrained wp-container-core-cover-is-layout-20e6e157 wp-block-cover-is-layout-constrained\">\n<div class=\"inherit-container-width wp-block-group alignwide is-layout-constrained wp-block-group-is-layout-constrained\">\n<h1 class=\"wp-block-heading has-text-align-left has-ast-global-color-5-color has-text-color has-link-color wp-elements-134a298be7568bdac42d298b4fc83b16\" style=\"font-size:44px\"><strong>Viser plus haut<\/strong> <br>                        <strong>et faire la <mark style=\"background-color:rgba(0, 0, 0, 0)\" class=\"has-inline-color has-ast-global-color-0-color\">diff\u00e9rence<\/mark><\/strong><\/h1>\n<\/div>\n<\/div><\/div>\n\n\n\n<h3 class=\"wp-block-heading alignfull has-text-align-center\">Votre strat\u00e9gie Marketing &amp; Communication sur mesure : de la vision \u00e0 l\u2019action.<br><br><\/h3>\n\n\n\n<div class=\"wp-block-media-text has-media-on-the-right is-stacked-on-mobile is-vertically-aligned-top\" style=\"grid-template-columns:auto 39%\"><div class=\"wp-block-media-text__content\">\n<div class=\"inherit-container-width wp-block-group is-layout-constrained wp-container-core-group-is-layout-47ce07ec wp-block-group-is-layout-constrained\" style=\"padding-right:80px\">\n<h3 class=\"wp-block-heading\" style=\"padding-right:40px\">Vous \u00eates une startup, une PME, une multinationale ou une collectivit\u00e9 ? Vos enjeux sont uniques, votre strat\u00e9gie doit l\u2019\u00eatre aussi.<\/h3>\n\n\n\n<p>Avec 25 ans d\u2019expertise en marketing et communication, en France comme \u00e0 l\u2019international, j\u2019accompagne <strong>les entreprises et les collectivit\u00e9s<\/strong> dans la d\u00e9finition, l\u2019\u00e9laboration et la mise en \u0153uvre de leurs strat\u00e9gies.<\/p>\n\n\n\n<p>Mon approche :<\/p>\n\n\n\n<ul class=\"wp-block-list\">\n<li>Strat\u00e9gie et op\u00e9rationnel : audit, plan d\u2019action, mise en \u0153uvre.<\/li>\n\n\n\n<li>Offre modulable : selon vos enjeux, vos besoins et vos ressources.<\/li>\n\n\n\n<li>Accompagnement sur mesure : court terme ou longue dur\u00e9e.<\/li>\n\n\n\n<li>Expertise multiculturelle : interventions en fran\u00e7ais et en anglais<\/li>\n<\/ul>\n<\/div>\n<\/div><figure class=\"wp-block-media-text__media\"><img fetchpriority=\"high\" decoding=\"async\" width=\"598\" height=\"1024\" src=\"http:\/\/alto-consulting-global.com\/wp-content\/uploads\/2025\/03\/pexels-renan-lima-1322164-3364025-recadre-598x1024.jpg\" alt=\"\" class=\"wp-image-272 size-full\" srcset=\"https:\/\/alto-consulting-global.com\/wp-content\/uploads\/2025\/03\/pexels-renan-lima-1322164-3364025-recadre-598x1024.jpg 598w, https:\/\/alto-consulting-global.com\/wp-content\/uploads\/2025\/03\/pexels-renan-lima-1322164-3364025-recadre-175x300.jpg 175w, https:\/\/alto-consulting-global.com\/wp-content\/uploads\/2025\/03\/pexels-renan-lima-1322164-3364025-recadre-768x1315.jpg 768w, https:\/\/alto-consulting-global.com\/wp-content\/uploads\/2025\/03\/pexels-renan-lima-1322164-3364025-recadre-897x1536.jpg 897w, https:\/\/alto-consulting-global.com\/wp-content\/uploads\/2025\/03\/pexels-renan-lima-1322164-3364025-recadre-1196x2048.jpg 1196w, https:\/\/alto-consulting-global.com\/wp-content\/uploads\/2025\/03\/pexels-renan-lima-1322164-3364025-recadre-scaled.jpg 1495w\" sizes=\"(max-width: 598px) 100vw, 598px\" \/><\/figure><\/div>\n\n\n\n<hr class=\"wp-block-separator has-text-color has-ast-global-color-0-color has-alpha-channel-opacity has-ast-global-color-0-background-color has-background\"\/>\n\n\n\n<h3 class=\"wp-block-heading\">Espace Presse<\/h3>\n\n\n\n<p>Retrouvez ici notre communiqu\u00e9 de Presse \u00e0 t\u00e9l\u00e9charger <a href=\"http:\/\/alto-consulting-global.com\/wp-content\/uploads\/2025\/03\/Communique-de-Presse-ALTO-CONSULTING-7mars2025.pdf\">Communique-de-Presse-ALTO-CONSULTING-7mars2025.pdf<\/a><br><br><\/p>\n\n\n\n<p><\/p>\n","protected":false},"excerpt":{"rendered":"<p>Votre strat\u00e9gie Marketing &amp; Communication sur mesure : de la vision \u00e0 l\u2019action. Espace Presse Retrouvez ici notre communiqu\u00e9 de [&hellip;]<\/p>\n","protected":false},"author":1,"featured_media":0,"parent":0,"menu_order":0,"comment_status":"closed","ping_status":"closed","template":"","meta":{"site-sidebar-layout":"no-sidebar","site-content-layout":"plain-container","ast-site-content-layout":"","site-content-style":"default","site-sidebar-style":"default","ast-global-header-display":"","ast-banner-title-visibility":"","ast-main-header-display":"","ast-hfb-above-header-display":"","ast-hfb-below-header-display":"","ast-hfb-mobile-header-display":"","site-post-title":"disabled","ast-breadcrumbs-content":"","ast-featured-img":"","footer-sml-layout":"","theme-transparent-header-meta":"enabled","adv-header-id-meta":"","stick-header-meta":"","header-above-stick-meta":"","header-main-stick-meta":"","header-below-stick-meta":"","astra-migrate-meta-layouts":"default","ast-page-background-enabled":"default","ast-page-background-meta":{"desktop":{"background-color":"var(--ast-global-color-5)","background-image":"","background-repeat":"repeat","background-position":"center center","background-size":"auto","background-attachment":"scroll","background-type":"","background-media":"","overlay-type":"","overlay-color":"","overlay-opacity":"","overlay-gradient":""},"tablet":{"background-color":"","background-image":"","background-repeat":"repeat","background-position":"center center","background-size":"auto","background-attachment":"scroll","background-type":"","background-media":"","overlay-type":"","overlay-color":"","overlay-opacity":"","overlay-gradient":""},"mobile":{"background-color":"","background-image":"","background-repeat":"repeat","background-position":"center center","background-size":"auto","background-attachment":"scroll","background-type":"","background-media":"","overlay-type":"","overlay-color":"","overlay-opacity":"","overlay-gradient":""}},"ast-content-background-meta":{"desktop":{"background-color":"var(--ast-global-color-4)","background-image":"","background-repeat":"repeat","background-position":"center center","background-size":"auto","background-attachment":"scroll","background-type":"","background-media":"","overlay-type":"","overlay-color":"","overlay-opacity":"","overlay-gradient":""},"tablet":{"background-color":"var(--ast-global-color-4)","background-image":"","background-repeat":"repeat","background-position":"center center","background-size":"auto","background-attachment":"scroll","background-type":"","background-media":"","overlay-type":"","overlay-color":"","overlay-opacity":"","overlay-gradient":""},"mobile":{"background-color":"var(--ast-global-color-4)","background-image":"","background-repeat":"repeat","background-position":"center center","background-size":"auto","background-attachment":"scroll","background-type":"","background-media":"","overlay-type":"","overlay-color":"","overlay-opacity":"","overlay-gradient":""}},"footnotes":""},"class_list":["post-37","page","type-page","status-publish","hentry"],"_links":{"self":[{"href":"https:\/\/alto-consulting-global.com\/index.php\/wp-json\/wp\/v2\/pages\/37","targetHints":{"allow":["GET"]}}],"collection":[{"href":"https:\/\/alto-consulting-global.com\/index.php\/wp-json\/wp\/v2\/pages"}],"about":[{"href":"https:\/\/alto-consulting-global.com\/index.php\/wp-json\/wp\/v2\/types\/page"}],"author":[{"embeddable":true,"href":"https:\/\/alto-consulting-global.com\/index.php\/wp-json\/wp\/v2\/users\/1"}],"replies":[{"embeddable":true,"href":"https:\/\/alto-consulting-global.com\/index.php\/wp-json\/wp\/v2\/comments?post=37"}],"version-history":[{"count":44,"href":"https:\/\/alto-consulting-global.com\/index.php\/wp-json\/wp\/v2\/pages\/37\/revisions"}],"predecessor-version":[{"id":315,"href":"https:\/\/alto-consulting-global.com\/index.php\/wp-json\/wp\/v2\/pages\/37\/revisions\/315"}],"wp:attachment":[{"href":"https:\/\/alto-consulting-global.com\/index.php\/wp-json\/wp\/v2\/media?parent=37"}],"curies":[{"name":"wp","href":"https:\/\/api.w.org\/{rel}","templated":true}]}}