{"id":94,"date":"2025-03-03T11:14:44","date_gmt":"2025-03-03T10:14:44","guid":{"rendered":"https:\/\/alto-consulting-global.com\/?page_id=94"},"modified":"2025-08-12T17:02:03","modified_gmt":"2025-08-12T15:02:03","slug":"conseils-pratiques-pour-les-petites-entreprises-start-ups-et-collectivites","status":"publish","type":"page","link":"https:\/\/alto-consulting-global.com\/index.php\/conseils-pratiques-pour-les-petites-entreprises-start-ups-et-collectivites\/","title":{"rendered":"Conseils pratiques pour les PME, les start-ups et les collectivit\u00e9s :"},"content":{"rendered":"\n<hr class=\"wp-block-separator has-text-color has-ast-global-color-0-color has-alpha-channel-opacity has-ast-global-color-0-background-color has-background\"\/>\n\n\n\n<p><strong>Pour les PME : Structurez votre communication et votre strat\u00e9gie marketing<\/strong><br><br><strong>Clarifiez votre positionnement et vos objectifs commerciaux<\/strong><br>     \u2022 D\u00e9finissez clairement ce qui vous distingue pour maximiser votre impact.<br>     \u2022 Alignez votre strat\u00e9gie marketing avec vos objectifs commerciaux pour plus de coh\u00e9rence et d\u2019efficacit\u00e9.<br><strong>Renforcez votre pr\u00e9sence locale<\/strong><br>     \u2022 Utilisez le marketing territorial pour cr\u00e9er du lien avec votre communaut\u00e9 et renforcer votre image de marque.<br><strong>Optez pour une communication coh\u00e9rente et impactante<\/strong><br>     \u2022 Assurez l\u2019harmonisation de vos supports (site web, r\u00e9seaux sociaux, flyers) pour am\u00e9liorer votre cr\u00e9dibilit\u00e9 et capter l\u2019attention de vos clients.<br><strong>Misez sur la digitalisation<\/strong><br>Exploitez des outils digitaux performants tout en ma\u00eetrisant votre budget :<br>     \u2022 Site web optimis\u00e9<br>     \u2022 CRM (gestion de la relation client)<br>     \u2022 Strat\u00e9gies cibl\u00e9es sur les r\u00e9seaux sociaux<br><strong>Pilotez votre performance avec des tableaux de bord<\/strong><br>     \u2022 Analysez vos actions marketing en temps r\u00e9el.<br>     \u2022 Ajustez votre strat\u00e9gie pour maximiser votre retour sur investissement (ROI).<\/p>\n\n\n\n<hr class=\"wp-block-separator has-text-color has-ast-global-color-0-color has-alpha-channel-opacity has-ast-global-color-0-background-color has-background\"\/>\n\n\n\n<p><strong>Pour les start-ups : Alliez innovation et agilit\u00e9 marketing<\/strong><br><br><strong>Optimisez vos ressources tout en restant agile<\/strong><br>     \u2022 Privil\u00e9giez des actions marketing cibl\u00e9es pour une visibilit\u00e9 accrue \u00e0 moindre co\u00fbt.<br>     \u2022 Misez sur le marketing digital et le r\u00e9f\u00e9rencement.<br><strong>Adaptez votre strat\u00e9gie \u00e0 votre croissance<\/strong><br>     \u2022 Faites \u00e9voluer votre strat\u00e9gie marketing en fonction de votre d\u00e9veloppement commercial.<br>     \u2022 R\u00e9\u00e9valuez r\u00e9guli\u00e8rement vos actions pour rester comp\u00e9titif.<br><strong>Valorisez votre innovation et votre diff\u00e9renciation<\/strong><br>     \u2022 Mettez en avant ce qui rend votre produit ou service unique pour capter l\u2019attention de vos cibles.<br><strong>Attirez et fid\u00e9lisez les bons talents<\/strong><br>     \u2022 Renforcez votre marque employeur en valorisant vos valeurs et votre culture d\u2019entreprise.<br><strong>Mesurez r\u00e9guli\u00e8rement vos r\u00e9sultats<\/strong><br>     \u2022 Suivez vos performances avec des tableaux de bord et des KPI.<br>     \u2022 Ajustez rapidement votre strat\u00e9gie marketing et commerciale en fonction des donn\u00e9es r\u00e9colt\u00e9es.<\/p>\n\n\n\n<hr class=\"wp-block-separator has-text-color has-ast-global-color-0-color has-alpha-channel-opacity has-ast-global-color-0-background-color has-background\"\/>\n\n\n\n<p><strong>Pour les collectivit\u00e9s : D\u00e9veloppez une communication locale efficace<\/strong><br><br><strong>Communiquez de mani\u00e8re transparente et locale<\/strong><br>     \u2022 Renforcez la confiance des citoyens en valorisant vos actions et projets \u00e0 impact local.<br><strong>Valorisez vos projets de d\u00e9veloppement<\/strong><br>     \u2022 Mettez en avant vos initiatives (urbanisme, culture, \u00e9cologie) pour renforcer votre image et favoriser l\u2019engagement citoyen.<br><strong>Optimisez vos canaux de communication<\/strong><br>Adaptez votre communication selon vos cibles :<br>     \u2022 R\u00e9seaux sociaux pour une diffusion digitale efficace.<br>     \u2022 Presse locale pour une approche plus traditionnelle et cibl\u00e9e.<br><strong>Adoptez une approche strat\u00e9gique et mesurable<\/strong><br>     \u2022 D\u00e9finissez des objectifs clairs.<br>     \u2022 \u00c9valuez l\u2019impact de vos actions avec des tableaux de bord.<br>     \u2022 Ajustez votre communication en fonction des retours citoyens.<br><strong>Cr\u00e9ez des \u00e9v\u00e9nements impactants<\/strong><br>     \u2022 Organisez des \u00e9v\u00e9nements locaux pour renforcer votre image et cr\u00e9er un lien direct avec la communaut\u00e9.<\/p>\n\n\n\n<hr class=\"wp-block-separator has-text-color has-ast-global-color-0-color has-alpha-channel-opacity has-ast-global-color-0-background-color has-background\"\/>\n\n\n\n<p><strong>BONUS<\/strong><br><br><strong>L\u2019accompagnement dans la gestion de la communication interne<\/strong><br><br><strong>R\u00e9alisez un audit et une analyse des besoins internes<\/strong><br>     \u2022 \u00c9tudiez les flux d\u2019information et les attentes des \u00e9quipes pour structurer une communication interne efficace.<br><strong>Renforcez votre marque employeur<\/strong><br>     \u2022 Valorisez vos valeurs et votre culture d\u2019entreprise pour attirer et fid\u00e9liser les talents.<br><strong>Facilitez l\u2019int\u00e9gration des nouveaux collaborateurs<\/strong><br>     \u2022 Mettez en place un pack d\u2019int\u00e9gration complet :<br>          o Documents d\u2019accueil<br>          o Pr\u00e9sentation des \u00e9quipes<br>          o Outils internes<br><strong>Assurez une communication interne fluide et engageante<\/strong><br>     \u2022 D\u00e9ployez une newsletter interne et des flash infos pour :<br>          o Partager les actualit\u00e9s cl\u00e9s.<br>          o C\u00e9l\u00e9brer les succ\u00e8s de l\u2019entreprise.<br>          o Renforcer la culture d\u2019entreprise.<br><strong>Organisez des \u00e9v\u00e9nements internes pour f\u00e9d\u00e9rer vos \u00e9quipes<\/strong><br>     \u2022 Planifiez des s\u00e9minaires, r\u00e9unions strat\u00e9giques et team building pour encourager la collaboration et l\u2019engagement.<br><strong>Suivez et ajustez votre communication interne<\/strong><br>     \u2022 \u00c9valuez son efficacit\u00e9 gr\u00e2ce \u00e0 :<br>          o Des enqu\u00eates internes<br>          o Des r\u00e9unions de feedback<br>          o Des tableaux de bord d\u00e9di\u00e9s<br>     \u2022 Adaptez vos actions en fonction des retours des collaborateurs pour maintenir leur engagement et leur satisfaction.<\/p>\n\n\n\n<hr class=\"wp-block-separator has-text-color has-ast-global-color-0-color has-alpha-channel-opacity has-ast-global-color-0-background-color has-background\"\/>\n\n\n\n<p>Je vous accompagne \u00e0 chaque \u00e9tape, de la d\u00e9finition de votre strat\u00e9gie \u00e0 sa mise en \u0153uvre op\u00e9rationnelle, pour une communication efficace et impactante. Transformons vos objectifs en actions concr\u00e8tes ! <a href=\"https:\/\/alto-consulting-global.com\/index.php\/parlons-de-vos-objectifs\/\" data-type=\"page\" data-id=\"100\">Contactez-nous !<\/a><\/p>\n","protected":false},"excerpt":{"rendered":"<p>Pour les PME : Structurez votre communication et votre strat\u00e9gie marketing Clarifiez votre positionnement et vos objectifs commerciaux \u2022 D\u00e9finissez [&hellip;]<\/p>\n","protected":false},"author":1,"featured_media":0,"parent":0,"menu_order":0,"comment_status":"closed","ping_status":"closed","template":"","meta":{"site-sidebar-layout":"default","site-content-layout":"","ast-site-content-layout":"","site-content-style":"default","site-sidebar-style":"default","ast-global-header-display":"","ast-banner-title-visibility":"","ast-main-header-display":"","ast-hfb-above-header-display":"","ast-hfb-below-header-display":"","ast-hfb-mobile-header-display":"","site-post-title":"","ast-breadcrumbs-content":"","ast-featured-img":"","footer-sml-layout":"","theme-transparent-header-meta":"","adv-header-id-meta":"","stick-header-meta":"","header-above-stick-meta":"","header-main-stick-meta":"","header-below-stick-meta":"","astra-migrate-meta-layouts":"default","ast-page-background-enabled":"default","ast-page-background-meta":{"desktop":{"background-color":"var(--ast-global-color-5)","background-image":"","background-repeat":"repeat","background-position":"center center","background-size":"auto","background-attachment":"scroll","background-type":"","background-media":"","overlay-type":"","overlay-color":"","overlay-opacity":"","overlay-gradient":""},"tablet":{"background-color":"","background-image":"","background-repeat":"repeat","background-position":"center center","background-size":"auto","background-attachment":"scroll","background-type":"","background-media":"","overlay-type":"","overlay-color":"","overlay-opacity":"","overlay-gradient":""},"mobile":{"background-color":"","background-image":"","background-repeat":"repeat","background-position":"center center","background-size":"auto","background-attachment":"scroll","background-type":"","background-media":"","overlay-type":"","overlay-color":"","overlay-opacity":"","overlay-gradient":""}},"ast-content-background-meta":{"desktop":{"background-color":"var(--ast-global-color-4)","background-image":"","background-repeat":"repeat","background-position":"center center","background-size":"auto","background-attachment":"scroll","background-type":"","background-media":"","overlay-type":"","overlay-color":"","overlay-opacity":"","overlay-gradient":""},"tablet":{"background-color":"var(--ast-global-color-4)","background-image":"","background-repeat":"repeat","background-position":"center center","background-size":"auto","background-attachment":"scroll","background-type":"","background-media":"","overlay-type":"","overlay-color":"","overlay-opacity":"","overlay-gradient":""},"mobile":{"background-color":"var(--ast-global-color-4)","background-image":"","background-repeat":"repeat","background-position":"center center","background-size":"auto","background-attachment":"scroll","background-type":"","background-media":"","overlay-type":"","overlay-color":"","overlay-opacity":"","overlay-gradient":""}},"footnotes":""},"class_list":["post-94","page","type-page","status-publish","hentry"],"_links":{"self":[{"href":"https:\/\/alto-consulting-global.com\/index.php\/wp-json\/wp\/v2\/pages\/94","targetHints":{"allow":["GET"]}}],"collection":[{"href":"https:\/\/alto-consulting-global.com\/index.php\/wp-json\/wp\/v2\/pages"}],"about":[{"href":"https:\/\/alto-consulting-global.com\/index.php\/wp-json\/wp\/v2\/types\/page"}],"author":[{"embeddable":true,"href":"https:\/\/alto-consulting-global.com\/index.php\/wp-json\/wp\/v2\/users\/1"}],"replies":[{"embeddable":true,"href":"https:\/\/alto-consulting-global.com\/index.php\/wp-json\/wp\/v2\/comments?post=94"}],"version-history":[{"count":12,"href":"https:\/\/alto-consulting-global.com\/index.php\/wp-json\/wp\/v2\/pages\/94\/revisions"}],"predecessor-version":[{"id":358,"href":"https:\/\/alto-consulting-global.com\/index.php\/wp-json\/wp\/v2\/pages\/94\/revisions\/358"}],"wp:attachment":[{"href":"https:\/\/alto-consulting-global.com\/index.php\/wp-json\/wp\/v2\/media?parent=94"}],"curies":[{"name":"wp","href":"https:\/\/api.w.org\/{rel}","templated":true}]}}