{"id":98,"date":"2025-03-03T11:15:28","date_gmt":"2025-03-03T10:15:28","guid":{"rendered":"https:\/\/alto-consulting-global.com\/?page_id=98"},"modified":"2025-03-11T11:28:02","modified_gmt":"2025-03-11T10:28:02","slug":"faq-foire-aux-questions","status":"publish","type":"page","link":"https:\/\/alto-consulting-global.com\/index.php\/faq-foire-aux-questions\/","title":{"rendered":"Foire Aux Questions"},"content":{"rendered":"\n<ol class=\"wp-block-list\">\n<li><strong>Quels types d\u2019entreprises accompagnez-vous ?<\/strong><br>J\u2019accompagne une large gamme d\u2019acteurs, des startups aux multinationales, en passant par les PME et les collectivit\u00e9s territoriales.<br>Mon approche est adapt\u00e9e aux besoins sp\u00e9cifiques de chaque structure.<br><br><\/li>\n\n\n\n<li><strong>Proposez-vous des prestations ponctuelles ou un accompagnement sur le long terme ?<br><\/strong>Les deux sont possibles. Je peux intervenir sur des missions courtes et cibl\u00e9es, comme l\u2019audit ou la mise en place d\u2019une strat\u00e9gie, ou proposer un accompagnement plus long, jusqu\u2019\u00e0 12 mois ou plus, selon les besoins.<br><br><\/li>\n\n\n\n<li><strong>Comment se d\u00e9roule une mission avec Alto Consulting ?<\/strong><br>Tout commence par un audit approfondi pour bien comprendre vos enjeux et objectifs. Ensuite, je propose des recommandations strat\u00e9giques adapt\u00e9es. Selon votre besoin, je peux \u00e9galement assurer le pilotage de la mise en \u0153uvre avec vos \u00e9quipes et le suivi des performances via un tableau de bord.<br><br><\/li>\n\n\n\n<li><strong>Pouvez-vous nous aider \u00e0 g\u00e9rer notre communication interne ?<\/strong><br>Oui. J\u2019interviens sur des aspects vari\u00e9s de la communication interne, comme la marque employeur, la communication RH, les newsletters internes, les flash infos, ainsi que l\u2019organisation d\u2019\u00e9v\u00e9nements internes (s\u00e9minaires, r\u00e9unions, etc.).<br><br><\/li>\n\n\n\n<li><strong>Proposez-vous un accompagnement commercial ?<\/strong><br>Oui, je peux aider \u00e0 la d\u00e9finition d\u2019un plan d\u2019action commercial, en collaboration avec vos \u00e9quipes. Mon intervention reste compl\u00e9mentaire aux fonctions commerciales d\u00e9j\u00e0 en place.<br><br><\/li>\n\n\n\n<li><strong>Quels sont vos tarifs ?<\/strong><br>Mes tarifs d\u00e9pendent de la nature et de la dur\u00e9e de la mission. Je propose des prestations modulables adapt\u00e9es aux ressources et aux enjeux de chaque entreprise. <a href=\"https:\/\/alto-consulting-global.com\/index.php\/parlons-de-vos-objectifs\/\" data-type=\"page\" data-id=\"100\">Contactez-moi<\/a> pour un devis personnalis\u00e9.<\/li>\n<\/ol>\n\n\n\n<p><\/p>\n","protected":false},"excerpt":{"rendered":"","protected":false},"author":1,"featured_media":0,"parent":0,"menu_order":0,"comment_status":"closed","ping_status":"closed","template":"","meta":{"site-sidebar-layout":"default","site-content-layout":"","ast-site-content-layout":"","site-content-style":"default","site-sidebar-style":"default","ast-global-header-display":"","ast-banner-title-visibility":"","ast-main-header-display":"","ast-hfb-above-header-display":"","ast-hfb-below-header-display":"","ast-hfb-mobile-header-display":"","site-post-title":"","ast-breadcrumbs-content":"","ast-featured-img":"","footer-sml-layout":"","theme-transparent-header-meta":"","adv-header-id-meta":"","stick-header-meta":"","header-above-stick-meta":"","header-main-stick-meta":"","header-below-stick-meta":"","astra-migrate-meta-layouts":"default","ast-page-background-enabled":"default","ast-page-background-meta":{"desktop":{"background-color":"var(--ast-global-color-5)","background-image":"","background-repeat":"repeat","background-position":"center center","background-size":"auto","background-attachment":"scroll","background-type":"","background-media":"","overlay-type":"","overlay-color":"","overlay-opacity":"","overlay-gradient":""},"tablet":{"background-color":"","background-image":"","background-repeat":"repeat","background-position":"center center","background-size":"auto","background-attachment":"scroll","background-type":"","background-media":"","overlay-type":"","overlay-color":"","overlay-opacity":"","overlay-gradient":""},"mobile":{"background-color":"","background-image":"","background-repeat":"repeat","background-position":"center center","background-size":"auto","background-attachment":"scroll","background-type":"","background-media":"","overlay-type":"","overlay-color":"","overlay-opacity":"","overlay-gradient":""}},"ast-content-background-meta":{"desktop":{"background-color":"var(--ast-global-color-4)","background-image":"","background-repeat":"repeat","background-position":"center center","background-size":"auto","background-attachment":"scroll","background-type":"","background-media":"","overlay-type":"","overlay-color":"","overlay-opacity":"","overlay-gradient":""},"tablet":{"background-color":"var(--ast-global-color-4)","background-image":"","background-repeat":"repeat","background-position":"center center","background-size":"auto","background-attachment":"scroll","background-type":"","background-media":"","overlay-type":"","overlay-color":"","overlay-opacity":"","overlay-gradient":""},"mobile":{"background-color":"var(--ast-global-color-4)","background-image":"","background-repeat":"repeat","background-position":"center center","background-size":"auto","background-attachment":"scroll","background-type":"","background-media":"","overlay-type":"","overlay-color":"","overlay-opacity":"","overlay-gradient":""}},"footnotes":""},"class_list":["post-98","page","type-page","status-publish","hentry"],"_links":{"self":[{"href":"https:\/\/alto-consulting-global.com\/index.php\/wp-json\/wp\/v2\/pages\/98","targetHints":{"allow":["GET"]}}],"collection":[{"href":"https:\/\/alto-consulting-global.com\/index.php\/wp-json\/wp\/v2\/pages"}],"about":[{"href":"https:\/\/alto-consulting-global.com\/index.php\/wp-json\/wp\/v2\/types\/page"}],"author":[{"embeddable":true,"href":"https:\/\/alto-consulting-global.com\/index.php\/wp-json\/wp\/v2\/users\/1"}],"replies":[{"embeddable":true,"href":"https:\/\/alto-consulting-global.com\/index.php\/wp-json\/wp\/v2\/comments?post=98"}],"version-history":[{"count":6,"href":"https:\/\/alto-consulting-global.com\/index.php\/wp-json\/wp\/v2\/pages\/98\/revisions"}],"predecessor-version":[{"id":342,"href":"https:\/\/alto-consulting-global.com\/index.php\/wp-json\/wp\/v2\/pages\/98\/revisions\/342"}],"wp:attachment":[{"href":"https:\/\/alto-consulting-global.com\/index.php\/wp-json\/wp\/v2\/media?parent=98"}],"curies":[{"name":"wp","href":"https:\/\/api.w.org\/{rel}","templated":true}]}}